{"id":330,"date":"2018-02-02T15:44:44","date_gmt":"2018-02-02T15:44:44","guid":{"rendered":"https:\/\/bestenergy.in-beta14.co.uk\/?page_id=330"},"modified":"2026-01-14T12:04:30","modified_gmt":"2026-01-14T19:04:30","slug":"energia-komercyjna","status":"publish","type":"page","link":"https:\/\/iotenergy.pl\/pl\/energia-komercyjna\/","title":{"rendered":"Oszcz\u0119dno\u015bci energii na obiektach handlowych"},"content":{"rendered":"","protected":false},"excerpt":{"rendered":"","protected":false},"author":3,"featured_media":4198,"parent":0,"menu_order":0,"comment_status":"closed","ping_status":"closed","template":"","meta":{"inline_featured_image":false,"footnotes":""},"class_list":["post-330","page","type-page","status-publish","has-post-thumbnail","hentry"],"yoast_head":"<!-- This site is optimized with the Yoast SEO plugin v26.8 - https:\/\/yoast.com\/product\/yoast-seo-wordpress\/ -->\n<title>Zredukuj rachunki za energi\u0119 w swojej firmie<\/title>\n<meta name=\"description\" content=\"Nasze \u015bwiatowej klasy technologie umo\u017cliwiaj\u0105 obserwacj\u0119, pomiar i interpretacj\u0119 zu\u017cycia energii w nieograniczonej liczbie miejsc.\" \/>\n<meta name=\"robots\" content=\"index, follow, max-snippet:-1, max-image-preview:large, max-video-preview:-1\" \/>\n<link rel=\"canonical\" href=\"https:\/\/iotenergy.pl\/pl\/energia-komercyjna\/\" \/>\n<meta property=\"og:locale\" content=\"pl_PL\" \/>\n<meta property=\"og:type\" content=\"article\" \/>\n<meta property=\"og:title\" content=\"Zredukuj rachunki za energi\u0119 w swojej firmie\" \/>\n<meta property=\"og:description\" content=\"Nasze \u015bwiatowej klasy technologie umo\u017cliwiaj\u0105 obserwacj\u0119, pomiar i interpretacj\u0119 zu\u017cycia energii w nieograniczonej liczbie miejsc.\" \/>\n<meta property=\"og:url\" content=\"https:\/\/iotenergy.pl\/pl\/energia-komercyjna\/\" \/>\n<meta property=\"og:site_name\" content=\"IoT Energy\" \/>\n<meta property=\"article:modified_time\" content=\"2026-01-14T19:04:30+00:00\" \/>\n<meta property=\"og:image\" content=\"https:\/\/iotenergy.pl\/pl\/wp-content\/uploads\/2019\/08\/green-city-large-v1.jpg\" \/>\n\t<meta property=\"og:image:width\" content=\"1280\" \/>\n\t<meta property=\"og:image:height\" content=\"233\" \/>\n\t<meta property=\"og:image:type\" content=\"image\/jpeg\" \/>\n<meta name=\"twitter:card\" content=\"summary_large_image\" \/>\n<meta name=\"twitter:label1\" content=\"Szacowany czas czytania\" \/>\n\t<meta name=\"twitter:data1\" content=\"1 minuta\" \/>\n<script type=\"application\/ld+json\" class=\"yoast-schema-graph\">{\"@context\":\"https:\/\/schema.org\",\"@graph\":[{\"@type\":\"WebPage\",\"@id\":\"https:\/\/iotenergy.pl\/pl\/energia-komercyjna\/\",\"url\":\"https:\/\/iotenergy.pl\/pl\/energia-komercyjna\/\",\"name\":\"Zredukuj rachunki za energi\u0119 w swojej firmie\",\"isPartOf\":{\"@id\":\"https:\/\/iotenergy.pl\/pl\/#website\"},\"primaryImageOfPage\":{\"@id\":\"https:\/\/iotenergy.pl\/pl\/energia-komercyjna\/#primaryimage\"},\"image\":{\"@id\":\"https:\/\/iotenergy.pl\/pl\/energia-komercyjna\/#primaryimage\"},\"thumbnailUrl\":\"https:\/\/iotenergy.pl\/pl\/wp-content\/uploads\/2019\/08\/green-city-large-v1.jpg\",\"datePublished\":\"2018-02-02T15:44:44+00:00\",\"dateModified\":\"2026-01-14T19:04:30+00:00\",\"description\":\"Nasze \u015bwiatowej klasy technologie umo\u017cliwiaj\u0105 obserwacj\u0119, pomiar i interpretacj\u0119 zu\u017cycia energii w nieograniczonej liczbie miejsc.\",\"breadcrumb\":{\"@id\":\"https:\/\/iotenergy.pl\/pl\/energia-komercyjna\/#breadcrumb\"},\"inLanguage\":\"pl-PL\",\"potentialAction\":[{\"@type\":\"ReadAction\",\"target\":[\"https:\/\/iotenergy.pl\/pl\/energia-komercyjna\/\"]}]},{\"@type\":\"ImageObject\",\"inLanguage\":\"pl-PL\",\"@id\":\"https:\/\/iotenergy.pl\/pl\/energia-komercyjna\/#primaryimage\",\"url\":\"https:\/\/iotenergy.pl\/pl\/wp-content\/uploads\/2019\/08\/green-city-large-v1.jpg\",\"contentUrl\":\"https:\/\/iotenergy.pl\/pl\/wp-content\/uploads\/2019\/08\/green-city-large-v1.jpg\",\"width\":1280,\"height\":233,\"caption\":\"green city\"},{\"@type\":\"BreadcrumbList\",\"@id\":\"https:\/\/iotenergy.pl\/pl\/energia-komercyjna\/#breadcrumb\",\"itemListElement\":[{\"@type\":\"ListItem\",\"position\":1,\"name\":\"Home\",\"item\":\"https:\/\/iotenergy.pl\/pl\/\"},{\"@type\":\"ListItem\",\"position\":2,\"name\":\"Oszcz\u0119dno\u015bci energii na obiektach handlowych\"}]},{\"@type\":\"WebSite\",\"@id\":\"https:\/\/iotenergy.pl\/pl\/#website\",\"url\":\"https:\/\/iotenergy.pl\/pl\/\",\"name\":\"IoT Energy\",\"description\":\"IoT Energy provides high-tech energy saving and monitoring solutions\",\"potentialAction\":[{\"@type\":\"SearchAction\",\"target\":{\"@type\":\"EntryPoint\",\"urlTemplate\":\"https:\/\/iotenergy.pl\/pl\/?s={search_term_string}\"},\"query-input\":{\"@type\":\"PropertyValueSpecification\",\"valueRequired\":true,\"valueName\":\"search_term_string\"}}],\"inLanguage\":\"pl-PL\"}]}<\/script>\n<!-- \/ Yoast SEO plugin. -->","yoast_head_json":{"title":"Zredukuj rachunki za energi\u0119 w swojej firmie","description":"Nasze \u015bwiatowej klasy technologie umo\u017cliwiaj\u0105 obserwacj\u0119, pomiar i interpretacj\u0119 zu\u017cycia energii w nieograniczonej liczbie miejsc.","robots":{"index":"index","follow":"follow","max-snippet":"max-snippet:-1","max-image-preview":"max-image-preview:large","max-video-preview":"max-video-preview:-1"},"canonical":"https:\/\/iotenergy.pl\/pl\/energia-komercyjna\/","og_locale":"pl_PL","og_type":"article","og_title":"Zredukuj rachunki za energi\u0119 w swojej firmie","og_description":"Nasze \u015bwiatowej klasy technologie umo\u017cliwiaj\u0105 obserwacj\u0119, pomiar i interpretacj\u0119 zu\u017cycia energii w nieograniczonej liczbie miejsc.","og_url":"https:\/\/iotenergy.pl\/pl\/energia-komercyjna\/","og_site_name":"IoT Energy","article_modified_time":"2026-01-14T19:04:30+00:00","og_image":[{"width":1280,"height":233,"url":"https:\/\/iotenergy.pl\/pl\/wp-content\/uploads\/2019\/08\/green-city-large-v1.jpg","type":"image\/jpeg"}],"twitter_card":"summary_large_image","twitter_misc":{"Szacowany czas czytania":"1 minuta"},"schema":{"@context":"https:\/\/schema.org","@graph":[{"@type":"WebPage","@id":"https:\/\/iotenergy.pl\/pl\/energia-komercyjna\/","url":"https:\/\/iotenergy.pl\/pl\/energia-komercyjna\/","name":"Zredukuj rachunki za energi\u0119 w swojej firmie","isPartOf":{"@id":"https:\/\/iotenergy.pl\/pl\/#website"},"primaryImageOfPage":{"@id":"https:\/\/iotenergy.pl\/pl\/energia-komercyjna\/#primaryimage"},"image":{"@id":"https:\/\/iotenergy.pl\/pl\/energia-komercyjna\/#primaryimage"},"thumbnailUrl":"https:\/\/iotenergy.pl\/pl\/wp-content\/uploads\/2019\/08\/green-city-large-v1.jpg","datePublished":"2018-02-02T15:44:44+00:00","dateModified":"2026-01-14T19:04:30+00:00","description":"Nasze \u015bwiatowej klasy technologie umo\u017cliwiaj\u0105 obserwacj\u0119, pomiar i interpretacj\u0119 zu\u017cycia energii w nieograniczonej liczbie miejsc.","breadcrumb":{"@id":"https:\/\/iotenergy.pl\/pl\/energia-komercyjna\/#breadcrumb"},"inLanguage":"pl-PL","potentialAction":[{"@type":"ReadAction","target":["https:\/\/iotenergy.pl\/pl\/energia-komercyjna\/"]}]},{"@type":"ImageObject","inLanguage":"pl-PL","@id":"https:\/\/iotenergy.pl\/pl\/energia-komercyjna\/#primaryimage","url":"https:\/\/iotenergy.pl\/pl\/wp-content\/uploads\/2019\/08\/green-city-large-v1.jpg","contentUrl":"https:\/\/iotenergy.pl\/pl\/wp-content\/uploads\/2019\/08\/green-city-large-v1.jpg","width":1280,"height":233,"caption":"green city"},{"@type":"BreadcrumbList","@id":"https:\/\/iotenergy.pl\/pl\/energia-komercyjna\/#breadcrumb","itemListElement":[{"@type":"ListItem","position":1,"name":"Home","item":"https:\/\/iotenergy.pl\/pl\/"},{"@type":"ListItem","position":2,"name":"Oszcz\u0119dno\u015bci energii na obiektach handlowych"}]},{"@type":"WebSite","@id":"https:\/\/iotenergy.pl\/pl\/#website","url":"https:\/\/iotenergy.pl\/pl\/","name":"IoT Energy","description":"IoT Energy provides high-tech energy saving and monitoring solutions","potentialAction":[{"@type":"SearchAction","target":{"@type":"EntryPoint","urlTemplate":"https:\/\/iotenergy.pl\/pl\/?s={search_term_string}"},"query-input":{"@type":"PropertyValueSpecification","valueRequired":true,"valueName":"search_term_string"}}],"inLanguage":"pl-PL"}]}},"_links":{"self":[{"href":"https:\/\/iotenergy.pl\/pl\/wp-json\/wp\/v2\/pages\/330","targetHints":{"allow":["GET"]}}],"collection":[{"href":"https:\/\/iotenergy.pl\/pl\/wp-json\/wp\/v2\/pages"}],"about":[{"href":"https:\/\/iotenergy.pl\/pl\/wp-json\/wp\/v2\/types\/page"}],"author":[{"embeddable":true,"href":"https:\/\/iotenergy.pl\/pl\/wp-json\/wp\/v2\/users\/3"}],"replies":[{"embeddable":true,"href":"https:\/\/iotenergy.pl\/pl\/wp-json\/wp\/v2\/comments?post=330"}],"version-history":[{"count":25,"href":"https:\/\/iotenergy.pl\/pl\/wp-json\/wp\/v2\/pages\/330\/revisions"}],"predecessor-version":[{"id":5087,"href":"https:\/\/iotenergy.pl\/pl\/wp-json\/wp\/v2\/pages\/330\/revisions\/5087"}],"wp:featuredmedia":[{"embeddable":true,"href":"https:\/\/iotenergy.pl\/pl\/wp-json\/wp\/v2\/media\/4198"}],"wp:attachment":[{"href":"https:\/\/iotenergy.pl\/pl\/wp-json\/wp\/v2\/media?parent=330"}],"curies":[{"name":"wp","href":"https:\/\/api.w.org\/{rel}","templated":true}]}}