{"id":43,"date":"2018-01-29T14:04:51","date_gmt":"2018-01-29T14:04:51","guid":{"rendered":"https:\/\/bestenergy.in-beta14.co.uk\/?page_id=43"},"modified":"2026-01-22T12:51:34","modified_gmt":"2026-01-22T19:51:34","slug":"home","status":"publish","type":"page","link":"https:\/\/iotenergy.pl\/pl\/","title":{"rendered":"G\u0142\u00f3wna"},"content":{"rendered":"","protected":false},"excerpt":{"rendered":"","protected":false},"author":3,"featured_media":0,"parent":0,"menu_order":0,"comment_status":"closed","ping_status":"closed","template":"","meta":{"inline_featured_image":false,"footnotes":""},"class_list":["post-43","page","type-page","status-publish","hentry"],"yoast_head":"<!-- This site is optimized with the Yoast SEO plugin v26.8 - https:\/\/yoast.com\/product\/yoast-seo-wordpress\/ -->\n<title>Zarz\u0105dzanie i monitoring energii | IoT Energy<\/title>\n<meta name=\"description\" content=\"Rozwi\u0105zania energetyczne dla firm. Pomagamy przej\u0105\u0107 kontrol\u0119 nad zu\u017cyciem energii i odkry\u0107 mo\u017cliwo\u015bci oszcz\u0119dno\u015bci.\" \/>\n<meta name=\"robots\" content=\"index, follow, max-snippet:-1, max-image-preview:large, max-video-preview:-1\" \/>\n<link rel=\"canonical\" href=\"https:\/\/iotenergy.pl\/pl\/\" \/>\n<meta property=\"og:locale\" content=\"pl_PL\" \/>\n<meta property=\"og:type\" content=\"article\" \/>\n<meta property=\"og:title\" content=\"Zarz\u0105dzanie i monitoring energii | IoT Energy\" \/>\n<meta property=\"og:description\" content=\"Rozwi\u0105zania energetyczne dla firm. Pomagamy przej\u0105\u0107 kontrol\u0119 nad zu\u017cyciem energii i odkry\u0107 mo\u017cliwo\u015bci oszcz\u0119dno\u015bci.\" \/>\n<meta property=\"og:url\" content=\"https:\/\/iotenergy.pl\/pl\/\" \/>\n<meta property=\"og:site_name\" content=\"IoT Energy\" \/>\n<meta property=\"article:modified_time\" content=\"2026-01-22T19:51:34+00:00\" \/>\n<meta name=\"twitter:card\" content=\"summary_large_image\" \/>\n<script type=\"application\/ld+json\" class=\"yoast-schema-graph\">{\"@context\":\"https:\/\/schema.org\",\"@graph\":[{\"@type\":\"WebPage\",\"@id\":\"https:\/\/iotenergy.pl\/pl\/\",\"url\":\"https:\/\/iotenergy.pl\/pl\/\",\"name\":\"Zarz\u0105dzanie i monitoring energii | IoT Energy\",\"isPartOf\":{\"@id\":\"https:\/\/iotenergy.pl\/pl\/#website\"},\"datePublished\":\"2018-01-29T14:04:51+00:00\",\"dateModified\":\"2026-01-22T19:51:34+00:00\",\"description\":\"Rozwi\u0105zania energetyczne dla firm. Pomagamy przej\u0105\u0107 kontrol\u0119 nad zu\u017cyciem energii i odkry\u0107 mo\u017cliwo\u015bci oszcz\u0119dno\u015bci.\",\"breadcrumb\":{\"@id\":\"https:\/\/iotenergy.pl\/pl\/#breadcrumb\"},\"inLanguage\":\"pl-PL\",\"potentialAction\":[{\"@type\":\"ReadAction\",\"target\":[\"https:\/\/iotenergy.pl\/pl\/\"]}]},{\"@type\":\"BreadcrumbList\",\"@id\":\"https:\/\/iotenergy.pl\/pl\/#breadcrumb\",\"itemListElement\":[{\"@type\":\"ListItem\",\"position\":1,\"name\":\"Home\",\"item\":\"https:\/\/iotenergy.pl\/pl\/\"},{\"@type\":\"ListItem\",\"position\":2,\"name\":\"G\u0142\u00f3wna\"}]},{\"@type\":\"WebSite\",\"@id\":\"https:\/\/iotenergy.pl\/pl\/#website\",\"url\":\"https:\/\/iotenergy.pl\/pl\/\",\"name\":\"IoT Energy\",\"description\":\"IoT Energy provides high-tech energy saving and monitoring solutions\",\"potentialAction\":[{\"@type\":\"SearchAction\",\"target\":{\"@type\":\"EntryPoint\",\"urlTemplate\":\"https:\/\/iotenergy.pl\/pl\/?s={search_term_string}\"},\"query-input\":{\"@type\":\"PropertyValueSpecification\",\"valueRequired\":true,\"valueName\":\"search_term_string\"}}],\"inLanguage\":\"pl-PL\"}]}<\/script>\n<!-- \/ Yoast SEO plugin. -->","yoast_head_json":{"title":"Zarz\u0105dzanie i monitoring energii | IoT Energy","description":"Rozwi\u0105zania energetyczne dla firm. Pomagamy przej\u0105\u0107 kontrol\u0119 nad zu\u017cyciem energii i odkry\u0107 mo\u017cliwo\u015bci oszcz\u0119dno\u015bci.","robots":{"index":"index","follow":"follow","max-snippet":"max-snippet:-1","max-image-preview":"max-image-preview:large","max-video-preview":"max-video-preview:-1"},"canonical":"https:\/\/iotenergy.pl\/pl\/","og_locale":"pl_PL","og_type":"article","og_title":"Zarz\u0105dzanie i monitoring energii | IoT Energy","og_description":"Rozwi\u0105zania energetyczne dla firm. Pomagamy przej\u0105\u0107 kontrol\u0119 nad zu\u017cyciem energii i odkry\u0107 mo\u017cliwo\u015bci oszcz\u0119dno\u015bci.","og_url":"https:\/\/iotenergy.pl\/pl\/","og_site_name":"IoT Energy","article_modified_time":"2026-01-22T19:51:34+00:00","twitter_card":"summary_large_image","schema":{"@context":"https:\/\/schema.org","@graph":[{"@type":"WebPage","@id":"https:\/\/iotenergy.pl\/pl\/","url":"https:\/\/iotenergy.pl\/pl\/","name":"Zarz\u0105dzanie i monitoring energii | IoT Energy","isPartOf":{"@id":"https:\/\/iotenergy.pl\/pl\/#website"},"datePublished":"2018-01-29T14:04:51+00:00","dateModified":"2026-01-22T19:51:34+00:00","description":"Rozwi\u0105zania energetyczne dla firm. Pomagamy przej\u0105\u0107 kontrol\u0119 nad zu\u017cyciem energii i odkry\u0107 mo\u017cliwo\u015bci oszcz\u0119dno\u015bci.","breadcrumb":{"@id":"https:\/\/iotenergy.pl\/pl\/#breadcrumb"},"inLanguage":"pl-PL","potentialAction":[{"@type":"ReadAction","target":["https:\/\/iotenergy.pl\/pl\/"]}]},{"@type":"BreadcrumbList","@id":"https:\/\/iotenergy.pl\/pl\/#breadcrumb","itemListElement":[{"@type":"ListItem","position":1,"name":"Home","item":"https:\/\/iotenergy.pl\/pl\/"},{"@type":"ListItem","position":2,"name":"G\u0142\u00f3wna"}]},{"@type":"WebSite","@id":"https:\/\/iotenergy.pl\/pl\/#website","url":"https:\/\/iotenergy.pl\/pl\/","name":"IoT Energy","description":"IoT Energy provides high-tech energy saving and monitoring solutions","potentialAction":[{"@type":"SearchAction","target":{"@type":"EntryPoint","urlTemplate":"https:\/\/iotenergy.pl\/pl\/?s={search_term_string}"},"query-input":{"@type":"PropertyValueSpecification","valueRequired":true,"valueName":"search_term_string"}}],"inLanguage":"pl-PL"}]}},"_links":{"self":[{"href":"https:\/\/iotenergy.pl\/pl\/wp-json\/wp\/v2\/pages\/43","targetHints":{"allow":["GET"]}}],"collection":[{"href":"https:\/\/iotenergy.pl\/pl\/wp-json\/wp\/v2\/pages"}],"about":[{"href":"https:\/\/iotenergy.pl\/pl\/wp-json\/wp\/v2\/types\/page"}],"author":[{"embeddable":true,"href":"https:\/\/iotenergy.pl\/pl\/wp-json\/wp\/v2\/users\/3"}],"replies":[{"embeddable":true,"href":"https:\/\/iotenergy.pl\/pl\/wp-json\/wp\/v2\/comments?post=43"}],"version-history":[{"count":70,"href":"https:\/\/iotenergy.pl\/pl\/wp-json\/wp\/v2\/pages\/43\/revisions"}],"predecessor-version":[{"id":5151,"href":"https:\/\/iotenergy.pl\/pl\/wp-json\/wp\/v2\/pages\/43\/revisions\/5151"}],"wp:attachment":[{"href":"https:\/\/iotenergy.pl\/pl\/wp-json\/wp\/v2\/media?parent=43"}],"curies":[{"name":"wp","href":"https:\/\/api.w.org\/{rel}","templated":true}]}}