{"id":4474,"date":"2021-05-05T08:17:31","date_gmt":"2021-05-05T14:17:31","guid":{"rendered":"https:\/\/iotenergy.pl\/?page_id=4474"},"modified":"2026-01-14T12:01:12","modified_gmt":"2026-01-14T19:01:12","slug":"eniscope-air","status":"publish","type":"page","link":"https:\/\/iotenergy.pl\/pl\/eniscope-air\/","title":{"rendered":"Eniscope Air IoT"},"content":{"rendered":"","protected":false},"excerpt":{"rendered":"","protected":false},"author":3,"featured_media":4472,"parent":0,"menu_order":0,"comment_status":"closed","ping_status":"closed","template":"","meta":{"inline_featured_image":false,"footnotes":""},"class_list":["post-4474","page","type-page","status-publish","has-post-thumbnail","hentry"],"yoast_head":"<!-- This site is optimized with the Yoast SEO plugin v26.8 - https:\/\/yoast.com\/product\/yoast-seo-wordpress\/ -->\n<title>Enisocpe Air rewolucja IoT w budynkach | IoT Energy<\/title>\n<meta name=\"description\" content=\"Internet rzeczy (IoT) - co to naprawd\u0119 znaczy? Oznacza to, \u017ce Twoje zasoby s\u0105 po\u0142\u0105czone, rozmawiaj\u0105 ze sob\u0105. Sterowanie w chmurze. Monitorowanie w czasie rzeczywistym. Oznacza to oszcz\u0119dno\u015b\u0107 energii, wi\u0119ksze zyski i niezr\u00f3wnan\u0105 widoczno\u015b\u0107 energii w ca\u0142ej firmie.\" \/>\n<meta name=\"robots\" content=\"index, follow, max-snippet:-1, max-image-preview:large, max-video-preview:-1\" \/>\n<link rel=\"canonical\" href=\"https:\/\/iotenergy.pl\/pl\/eniscope-air\/\" \/>\n<meta property=\"og:locale\" content=\"pl_PL\" \/>\n<meta property=\"og:type\" content=\"article\" \/>\n<meta property=\"og:title\" content=\"Enisocpe Air rewolucja IoT w budynkach | IoT Energy\" \/>\n<meta property=\"og:description\" content=\"Internet rzeczy (IoT) - co to naprawd\u0119 znaczy? Oznacza to, \u017ce Twoje zasoby s\u0105 po\u0142\u0105czone, rozmawiaj\u0105 ze sob\u0105. Sterowanie w chmurze. Monitorowanie w czasie rzeczywistym. Oznacza to oszcz\u0119dno\u015b\u0107 energii, wi\u0119ksze zyski i niezr\u00f3wnan\u0105 widoczno\u015b\u0107 energii w ca\u0142ej firmie.\" \/>\n<meta property=\"og:url\" content=\"https:\/\/iotenergy.pl\/pl\/eniscope-air\/\" \/>\n<meta property=\"og:site_name\" content=\"IoT Energy\" \/>\n<meta property=\"article:modified_time\" content=\"2026-01-14T19:01:12+00:00\" \/>\n<meta property=\"og:image\" content=\"https:\/\/iotenergy.pl\/pl\/wp-content\/uploads\/2021\/05\/eniscope-header-1440px.jpg\" \/>\n\t<meta property=\"og:image:width\" content=\"1440\" \/>\n\t<meta property=\"og:image:height\" content=\"731\" \/>\n\t<meta property=\"og:image:type\" content=\"image\/jpeg\" \/>\n<meta name=\"twitter:card\" content=\"summary_large_image\" \/>\n<meta name=\"twitter:label1\" content=\"Szacowany czas czytania\" \/>\n\t<meta name=\"twitter:data1\" content=\"1 minuta\" \/>\n<script type=\"application\/ld+json\" class=\"yoast-schema-graph\">{\"@context\":\"https:\/\/schema.org\",\"@graph\":[{\"@type\":\"WebPage\",\"@id\":\"https:\/\/iotenergy.pl\/pl\/eniscope-air\/\",\"url\":\"https:\/\/iotenergy.pl\/pl\/eniscope-air\/\",\"name\":\"Enisocpe Air rewolucja IoT w budynkach | IoT Energy\",\"isPartOf\":{\"@id\":\"https:\/\/iotenergy.pl\/pl\/#website\"},\"primaryImageOfPage\":{\"@id\":\"https:\/\/iotenergy.pl\/pl\/eniscope-air\/#primaryimage\"},\"image\":{\"@id\":\"https:\/\/iotenergy.pl\/pl\/eniscope-air\/#primaryimage\"},\"thumbnailUrl\":\"https:\/\/iotenergy.pl\/pl\/wp-content\/uploads\/2021\/05\/eniscope-header-1440px.jpg\",\"datePublished\":\"2021-05-05T14:17:31+00:00\",\"dateModified\":\"2026-01-14T19:01:12+00:00\",\"description\":\"Internet rzeczy (IoT) - co to naprawd\u0119 znaczy? Oznacza to, \u017ce Twoje zasoby s\u0105 po\u0142\u0105czone, rozmawiaj\u0105 ze sob\u0105. Sterowanie w chmurze. Monitorowanie w czasie rzeczywistym. Oznacza to oszcz\u0119dno\u015b\u0107 energii, wi\u0119ksze zyski i niezr\u00f3wnan\u0105 widoczno\u015b\u0107 energii w ca\u0142ej firmie.\",\"breadcrumb\":{\"@id\":\"https:\/\/iotenergy.pl\/pl\/eniscope-air\/#breadcrumb\"},\"inLanguage\":\"pl-PL\",\"potentialAction\":[{\"@type\":\"ReadAction\",\"target\":[\"https:\/\/iotenergy.pl\/pl\/eniscope-air\/\"]}]},{\"@type\":\"ImageObject\",\"inLanguage\":\"pl-PL\",\"@id\":\"https:\/\/iotenergy.pl\/pl\/eniscope-air\/#primaryimage\",\"url\":\"https:\/\/iotenergy.pl\/pl\/wp-content\/uploads\/2021\/05\/eniscope-header-1440px.jpg\",\"contentUrl\":\"https:\/\/iotenergy.pl\/pl\/wp-content\/uploads\/2021\/05\/eniscope-header-1440px.jpg\",\"width\":1440,\"height\":731,\"caption\":\"eniscope IoT\"},{\"@type\":\"BreadcrumbList\",\"@id\":\"https:\/\/iotenergy.pl\/pl\/eniscope-air\/#breadcrumb\",\"itemListElement\":[{\"@type\":\"ListItem\",\"position\":1,\"name\":\"Home\",\"item\":\"https:\/\/iotenergy.pl\/pl\/\"},{\"@type\":\"ListItem\",\"position\":2,\"name\":\"Eniscope Air IoT\"}]},{\"@type\":\"WebSite\",\"@id\":\"https:\/\/iotenergy.pl\/pl\/#website\",\"url\":\"https:\/\/iotenergy.pl\/pl\/\",\"name\":\"IoT Energy\",\"description\":\"IoT Energy provides high-tech energy saving and monitoring solutions\",\"potentialAction\":[{\"@type\":\"SearchAction\",\"target\":{\"@type\":\"EntryPoint\",\"urlTemplate\":\"https:\/\/iotenergy.pl\/pl\/?s={search_term_string}\"},\"query-input\":{\"@type\":\"PropertyValueSpecification\",\"valueRequired\":true,\"valueName\":\"search_term_string\"}}],\"inLanguage\":\"pl-PL\"}]}<\/script>\n<!-- \/ Yoast SEO plugin. -->","yoast_head_json":{"title":"Enisocpe Air rewolucja IoT w budynkach | IoT Energy","description":"Internet rzeczy (IoT) - co to naprawd\u0119 znaczy? Oznacza to, \u017ce Twoje zasoby s\u0105 po\u0142\u0105czone, rozmawiaj\u0105 ze sob\u0105. Sterowanie w chmurze. Monitorowanie w czasie rzeczywistym. Oznacza to oszcz\u0119dno\u015b\u0107 energii, wi\u0119ksze zyski i niezr\u00f3wnan\u0105 widoczno\u015b\u0107 energii w ca\u0142ej firmie.","robots":{"index":"index","follow":"follow","max-snippet":"max-snippet:-1","max-image-preview":"max-image-preview:large","max-video-preview":"max-video-preview:-1"},"canonical":"https:\/\/iotenergy.pl\/pl\/eniscope-air\/","og_locale":"pl_PL","og_type":"article","og_title":"Enisocpe Air rewolucja IoT w budynkach | IoT Energy","og_description":"Internet rzeczy (IoT) - co to naprawd\u0119 znaczy? Oznacza to, \u017ce Twoje zasoby s\u0105 po\u0142\u0105czone, rozmawiaj\u0105 ze sob\u0105. Sterowanie w chmurze. Monitorowanie w czasie rzeczywistym. Oznacza to oszcz\u0119dno\u015b\u0107 energii, wi\u0119ksze zyski i niezr\u00f3wnan\u0105 widoczno\u015b\u0107 energii w ca\u0142ej firmie.","og_url":"https:\/\/iotenergy.pl\/pl\/eniscope-air\/","og_site_name":"IoT Energy","article_modified_time":"2026-01-14T19:01:12+00:00","og_image":[{"width":1440,"height":731,"url":"https:\/\/iotenergy.pl\/pl\/wp-content\/uploads\/2021\/05\/eniscope-header-1440px.jpg","type":"image\/jpeg"}],"twitter_card":"summary_large_image","twitter_misc":{"Szacowany czas czytania":"1 minuta"},"schema":{"@context":"https:\/\/schema.org","@graph":[{"@type":"WebPage","@id":"https:\/\/iotenergy.pl\/pl\/eniscope-air\/","url":"https:\/\/iotenergy.pl\/pl\/eniscope-air\/","name":"Enisocpe Air rewolucja IoT w budynkach | IoT Energy","isPartOf":{"@id":"https:\/\/iotenergy.pl\/pl\/#website"},"primaryImageOfPage":{"@id":"https:\/\/iotenergy.pl\/pl\/eniscope-air\/#primaryimage"},"image":{"@id":"https:\/\/iotenergy.pl\/pl\/eniscope-air\/#primaryimage"},"thumbnailUrl":"https:\/\/iotenergy.pl\/pl\/wp-content\/uploads\/2021\/05\/eniscope-header-1440px.jpg","datePublished":"2021-05-05T14:17:31+00:00","dateModified":"2026-01-14T19:01:12+00:00","description":"Internet rzeczy (IoT) - co to naprawd\u0119 znaczy? Oznacza to, \u017ce Twoje zasoby s\u0105 po\u0142\u0105czone, rozmawiaj\u0105 ze sob\u0105. Sterowanie w chmurze. Monitorowanie w czasie rzeczywistym. Oznacza to oszcz\u0119dno\u015b\u0107 energii, wi\u0119ksze zyski i niezr\u00f3wnan\u0105 widoczno\u015b\u0107 energii w ca\u0142ej firmie.","breadcrumb":{"@id":"https:\/\/iotenergy.pl\/pl\/eniscope-air\/#breadcrumb"},"inLanguage":"pl-PL","potentialAction":[{"@type":"ReadAction","target":["https:\/\/iotenergy.pl\/pl\/eniscope-air\/"]}]},{"@type":"ImageObject","inLanguage":"pl-PL","@id":"https:\/\/iotenergy.pl\/pl\/eniscope-air\/#primaryimage","url":"https:\/\/iotenergy.pl\/pl\/wp-content\/uploads\/2021\/05\/eniscope-header-1440px.jpg","contentUrl":"https:\/\/iotenergy.pl\/pl\/wp-content\/uploads\/2021\/05\/eniscope-header-1440px.jpg","width":1440,"height":731,"caption":"eniscope IoT"},{"@type":"BreadcrumbList","@id":"https:\/\/iotenergy.pl\/pl\/eniscope-air\/#breadcrumb","itemListElement":[{"@type":"ListItem","position":1,"name":"Home","item":"https:\/\/iotenergy.pl\/pl\/"},{"@type":"ListItem","position":2,"name":"Eniscope Air IoT"}]},{"@type":"WebSite","@id":"https:\/\/iotenergy.pl\/pl\/#website","url":"https:\/\/iotenergy.pl\/pl\/","name":"IoT Energy","description":"IoT Energy provides high-tech energy saving and monitoring solutions","potentialAction":[{"@type":"SearchAction","target":{"@type":"EntryPoint","urlTemplate":"https:\/\/iotenergy.pl\/pl\/?s={search_term_string}"},"query-input":{"@type":"PropertyValueSpecification","valueRequired":true,"valueName":"search_term_string"}}],"inLanguage":"pl-PL"}]}},"_links":{"self":[{"href":"https:\/\/iotenergy.pl\/pl\/wp-json\/wp\/v2\/pages\/4474","targetHints":{"allow":["GET"]}}],"collection":[{"href":"https:\/\/iotenergy.pl\/pl\/wp-json\/wp\/v2\/pages"}],"about":[{"href":"https:\/\/iotenergy.pl\/pl\/wp-json\/wp\/v2\/types\/page"}],"author":[{"embeddable":true,"href":"https:\/\/iotenergy.pl\/pl\/wp-json\/wp\/v2\/users\/3"}],"replies":[{"embeddable":true,"href":"https:\/\/iotenergy.pl\/pl\/wp-json\/wp\/v2\/comments?post=4474"}],"version-history":[{"count":19,"href":"https:\/\/iotenergy.pl\/pl\/wp-json\/wp\/v2\/pages\/4474\/revisions"}],"predecessor-version":[{"id":5081,"href":"https:\/\/iotenergy.pl\/pl\/wp-json\/wp\/v2\/pages\/4474\/revisions\/5081"}],"wp:featuredmedia":[{"embeddable":true,"href":"https:\/\/iotenergy.pl\/pl\/wp-json\/wp\/v2\/media\/4472"}],"wp:attachment":[{"href":"https:\/\/iotenergy.pl\/pl\/wp-json\/wp\/v2\/media?parent=4474"}],"curies":[{"name":"wp","href":"https:\/\/api.w.org\/{rel}","templated":true}]}}