{"id":4711,"date":"2025-05-30T03:26:56","date_gmt":"2025-05-30T09:26:56","guid":{"rendered":"https:\/\/iotenergy.pl\/pl\/?page_id=4711"},"modified":"2025-05-30T03:26:56","modified_gmt":"2025-05-30T09:26:56","slug":"baza-wiedzy","status":"publish","type":"page","link":"https:\/\/iotenergy.pl\/pl\/baza-wiedzy\/","title":{"rendered":"Baza wiedzy"},"content":{"rendered":"","protected":false},"excerpt":{"rendered":"","protected":false},"author":3,"featured_media":4523,"parent":0,"menu_order":0,"comment_status":"closed","ping_status":"closed","template":"","meta":{"inline_featured_image":false,"footnotes":""},"class_list":["post-4711","page","type-page","status-publish","has-post-thumbnail","hentry"],"yoast_head":"<!-- This site is optimized with the Yoast SEO plugin v26.8 - https:\/\/yoast.com\/product\/yoast-seo-wordpress\/ -->\n<title>Baza wiedzy o zarz\u0105dzaniu energi\u0105, EMS i efektywno\u015bci energetycznej<\/title>\n<meta name=\"robots\" content=\"index, follow, max-snippet:-1, max-image-preview:large, max-video-preview:-1\" \/>\n<link rel=\"canonical\" href=\"https:\/\/iotenergy.pl\/pl\/baza-wiedzy\/\" \/>\n<meta property=\"og:locale\" content=\"pl_PL\" \/>\n<meta property=\"og:type\" content=\"article\" \/>\n<meta property=\"og:title\" content=\"Baza wiedzy o zarz\u0105dzaniu energi\u0105, EMS i efektywno\u015bci energetycznej\" \/>\n<meta property=\"og:url\" content=\"https:\/\/iotenergy.pl\/pl\/baza-wiedzy\/\" \/>\n<meta property=\"og:site_name\" content=\"IoT Energy\" \/>\n<meta property=\"og:image\" content=\"https:\/\/iotenergy.pl\/pl\/wp-content\/uploads\/2021\/05\/image.jpg\" \/>\n\t<meta property=\"og:image:width\" content=\"1920\" \/>\n\t<meta property=\"og:image:height\" content=\"1269\" \/>\n\t<meta property=\"og:image:type\" content=\"image\/jpeg\" \/>\n<meta name=\"twitter:card\" content=\"summary_large_image\" \/>\n<meta name=\"twitter:label1\" content=\"Szacowany czas czytania\" \/>\n\t<meta name=\"twitter:data1\" content=\"1 minuta\" \/>\n<script type=\"application\/ld+json\" class=\"yoast-schema-graph\">{\"@context\":\"https:\/\/schema.org\",\"@graph\":[{\"@type\":\"WebPage\",\"@id\":\"https:\/\/iotenergy.pl\/pl\/baza-wiedzy\/\",\"url\":\"https:\/\/iotenergy.pl\/pl\/baza-wiedzy\/\",\"name\":\"Baza wiedzy o zarz\u0105dzaniu energi\u0105, EMS i efektywno\u015bci energetycznej\",\"isPartOf\":{\"@id\":\"https:\/\/iotenergy.pl\/pl\/#website\"},\"primaryImageOfPage\":{\"@id\":\"https:\/\/iotenergy.pl\/pl\/baza-wiedzy\/#primaryimage\"},\"image\":{\"@id\":\"https:\/\/iotenergy.pl\/pl\/baza-wiedzy\/#primaryimage\"},\"thumbnailUrl\":\"https:\/\/iotenergy.pl\/pl\/wp-content\/uploads\/2021\/05\/image.jpg\",\"datePublished\":\"2025-05-30T09:26:56+00:00\",\"breadcrumb\":{\"@id\":\"https:\/\/iotenergy.pl\/pl\/baza-wiedzy\/#breadcrumb\"},\"inLanguage\":\"pl-PL\",\"potentialAction\":[{\"@type\":\"ReadAction\",\"target\":[\"https:\/\/iotenergy.pl\/pl\/baza-wiedzy\/\"]}]},{\"@type\":\"ImageObject\",\"inLanguage\":\"pl-PL\",\"@id\":\"https:\/\/iotenergy.pl\/pl\/baza-wiedzy\/#primaryimage\",\"url\":\"https:\/\/iotenergy.pl\/pl\/wp-content\/uploads\/2021\/05\/image.jpg\",\"contentUrl\":\"https:\/\/iotenergy.pl\/pl\/wp-content\/uploads\/2021\/05\/image.jpg\",\"width\":1920,\"height\":1269},{\"@type\":\"BreadcrumbList\",\"@id\":\"https:\/\/iotenergy.pl\/pl\/baza-wiedzy\/#breadcrumb\",\"itemListElement\":[{\"@type\":\"ListItem\",\"position\":1,\"name\":\"Home\",\"item\":\"https:\/\/iotenergy.pl\/pl\/\"},{\"@type\":\"ListItem\",\"position\":2,\"name\":\"Baza wiedzy\"}]},{\"@type\":\"WebSite\",\"@id\":\"https:\/\/iotenergy.pl\/pl\/#website\",\"url\":\"https:\/\/iotenergy.pl\/pl\/\",\"name\":\"IoT Energy\",\"description\":\"IoT Energy provides high-tech energy saving and monitoring solutions\",\"potentialAction\":[{\"@type\":\"SearchAction\",\"target\":{\"@type\":\"EntryPoint\",\"urlTemplate\":\"https:\/\/iotenergy.pl\/pl\/?s={search_term_string}\"},\"query-input\":{\"@type\":\"PropertyValueSpecification\",\"valueRequired\":true,\"valueName\":\"search_term_string\"}}],\"inLanguage\":\"pl-PL\"}]}<\/script>\n<!-- \/ Yoast SEO plugin. -->","yoast_head_json":{"title":"Baza wiedzy o zarz\u0105dzaniu energi\u0105, EMS i efektywno\u015bci energetycznej","robots":{"index":"index","follow":"follow","max-snippet":"max-snippet:-1","max-image-preview":"max-image-preview:large","max-video-preview":"max-video-preview:-1"},"canonical":"https:\/\/iotenergy.pl\/pl\/baza-wiedzy\/","og_locale":"pl_PL","og_type":"article","og_title":"Baza wiedzy o zarz\u0105dzaniu energi\u0105, EMS i efektywno\u015bci energetycznej","og_url":"https:\/\/iotenergy.pl\/pl\/baza-wiedzy\/","og_site_name":"IoT Energy","og_image":[{"width":1920,"height":1269,"url":"https:\/\/iotenergy.pl\/pl\/wp-content\/uploads\/2021\/05\/image.jpg","type":"image\/jpeg"}],"twitter_card":"summary_large_image","twitter_misc":{"Szacowany czas czytania":"1 minuta"},"schema":{"@context":"https:\/\/schema.org","@graph":[{"@type":"WebPage","@id":"https:\/\/iotenergy.pl\/pl\/baza-wiedzy\/","url":"https:\/\/iotenergy.pl\/pl\/baza-wiedzy\/","name":"Baza wiedzy o zarz\u0105dzaniu energi\u0105, EMS i efektywno\u015bci energetycznej","isPartOf":{"@id":"https:\/\/iotenergy.pl\/pl\/#website"},"primaryImageOfPage":{"@id":"https:\/\/iotenergy.pl\/pl\/baza-wiedzy\/#primaryimage"},"image":{"@id":"https:\/\/iotenergy.pl\/pl\/baza-wiedzy\/#primaryimage"},"thumbnailUrl":"https:\/\/iotenergy.pl\/pl\/wp-content\/uploads\/2021\/05\/image.jpg","datePublished":"2025-05-30T09:26:56+00:00","breadcrumb":{"@id":"https:\/\/iotenergy.pl\/pl\/baza-wiedzy\/#breadcrumb"},"inLanguage":"pl-PL","potentialAction":[{"@type":"ReadAction","target":["https:\/\/iotenergy.pl\/pl\/baza-wiedzy\/"]}]},{"@type":"ImageObject","inLanguage":"pl-PL","@id":"https:\/\/iotenergy.pl\/pl\/baza-wiedzy\/#primaryimage","url":"https:\/\/iotenergy.pl\/pl\/wp-content\/uploads\/2021\/05\/image.jpg","contentUrl":"https:\/\/iotenergy.pl\/pl\/wp-content\/uploads\/2021\/05\/image.jpg","width":1920,"height":1269},{"@type":"BreadcrumbList","@id":"https:\/\/iotenergy.pl\/pl\/baza-wiedzy\/#breadcrumb","itemListElement":[{"@type":"ListItem","position":1,"name":"Home","item":"https:\/\/iotenergy.pl\/pl\/"},{"@type":"ListItem","position":2,"name":"Baza wiedzy"}]},{"@type":"WebSite","@id":"https:\/\/iotenergy.pl\/pl\/#website","url":"https:\/\/iotenergy.pl\/pl\/","name":"IoT Energy","description":"IoT Energy provides high-tech energy saving and monitoring solutions","potentialAction":[{"@type":"SearchAction","target":{"@type":"EntryPoint","urlTemplate":"https:\/\/iotenergy.pl\/pl\/?s={search_term_string}"},"query-input":{"@type":"PropertyValueSpecification","valueRequired":true,"valueName":"search_term_string"}}],"inLanguage":"pl-PL"}]}},"_links":{"self":[{"href":"https:\/\/iotenergy.pl\/pl\/wp-json\/wp\/v2\/pages\/4711","targetHints":{"allow":["GET"]}}],"collection":[{"href":"https:\/\/iotenergy.pl\/pl\/wp-json\/wp\/v2\/pages"}],"about":[{"href":"https:\/\/iotenergy.pl\/pl\/wp-json\/wp\/v2\/types\/page"}],"author":[{"embeddable":true,"href":"https:\/\/iotenergy.pl\/pl\/wp-json\/wp\/v2\/users\/3"}],"replies":[{"embeddable":true,"href":"https:\/\/iotenergy.pl\/pl\/wp-json\/wp\/v2\/comments?post=4711"}],"version-history":[{"count":1,"href":"https:\/\/iotenergy.pl\/pl\/wp-json\/wp\/v2\/pages\/4711\/revisions"}],"predecessor-version":[{"id":4712,"href":"https:\/\/iotenergy.pl\/pl\/wp-json\/wp\/v2\/pages\/4711\/revisions\/4712"}],"wp:featuredmedia":[{"embeddable":true,"href":"https:\/\/iotenergy.pl\/pl\/wp-json\/wp\/v2\/media\/4523"}],"wp:attachment":[{"href":"https:\/\/iotenergy.pl\/pl\/wp-json\/wp\/v2\/media?parent=4711"}],"curies":[{"name":"wp","href":"https:\/\/api.w.org\/{rel}","templated":true}]}}